{"id":179,"date":"2026-02-20T10:53:49","date_gmt":"2026-02-20T10:53:49","guid":{"rendered":"https:\/\/virucaconsulting.com\/?page_id=179"},"modified":"2026-02-25T11:25:45","modified_gmt":"2026-02-25T11:25:45","slug":"imprint","status":"publish","type":"page","link":"https:\/\/virucaconsulting.com\/en\/imprint\/","title":{"rendered":"Imprint"},"content":{"rendered":"<div class=\"et_pb_section_0 et_pb_section et_section_regular et_block_section\">\n<div class=\"et_pb_row_0 et_pb_row et_block_row\">\n<div class=\"et_pb_column_0 et_pb_column et_pb_column_4_4 et-last-child et_block_column et_pb_css_mix_blend_mode_passthrough\">\n<div class=\"et_pb_heading_0 et_pb_heading et_pb_module et_flex_module\"><div class=\"et_pb_heading_container\"><h1 class=\"et_pb_module_header\">Imprint<\/h1><\/div><\/div>\n<\/div>\n<\/div>\n\n<div class=\"et_pb_row_1 et_pb_row et_flex_row\">\n<div class=\"et_pb_column_1 et_pb_column et-last-child et_flex_column et_pb_css_mix_blend_mode_passthrough et_flex_column_24_24 et_flex_column_24_24_tablet et_flex_column_24_24_phone\">\n<div class=\"et_pb_text_0 et_pb_text et_pb_bg_layout_light et_pb_module et_flex_module\"><div class=\"et_pb_text_inner\"><p><strong>1) The data controller responsible for the content of the website accessible at the internet address you have visited, as well as the social media platforms \u2013 hereinafter collectively referred to as: Website \u2013 and the owner of the domain and the Website:<\/strong><\/p>\n<p><strong>Viruca International Consulting AG<\/strong><\/p>\n<p><span>6300 Zug, Baarerstrasse 75.<\/span><br \/><span>Tax number: CHE-433.355.618<br \/><\/span><span>Registered in the Commercial Register of the Canton of Zug<\/span><\/p>\n<p><strong>Viruca International Consulting AG<\/strong><br \/>Baarerstrasse 75<br \/>6300 Zug<br \/>Switzerland<br \/>Commercial Register Number: CHE-433.355.618<\/p>\n<p>Chairman of the Board of Directors: Zolt\u00e1n Bal\u00e1sfalvi<br \/>Co-Director: Robert Gl\u00fcck<\/p>\n<p><strong>Viruca International Consulting AG \u2013 Hungarian Commercial Representation<\/strong><br \/>F\u00f3ti \u00fat 53. 2120 Dunakeszi, Hungary<br \/>Tax number: 27556171-1-13<br \/>Company registration number: 13-12-061560<\/p>\n<p><strong>2.) Competent supervisory authority for data protection:<\/strong><\/p>\n<p><strong>Nemzeti Adatv\u00e9delmi \u00e9s Inform\u00e1ci\u00f3szabads\u00e1g Hat\u00f3s\u00e1g<\/strong><br \/>Seat: 1125 Budapest, Falk Miksa utca 9-11.<br \/>Postal address: 1363 Budapest, Pf. 9.<br \/>Phone: +36 30 683 5969<br \/>Fax: +36 1 391 1410<br \/>E-mail: ugyfelszolgalat@naih.hu<\/p>\n<p>Website: http:\/\/www.naih.hu\/<\/p>\n<p><strong>3.) Hosting provider:<\/strong><\/p>\n<p><strong>KTS Online Kft<\/strong><br \/>Tax number: 29152106-2-08<br \/>Company registration number: 08-09-032885<br \/>Registered at the Commercial Court of Gy\u0151r<br \/>Statistical number: 29152106-6311-113-08<br \/>VAT number: HU29152106<\/p>\n<p>REGISTERED OFFICE: 9024 Gy\u0151r, Bart\u00f3k B\u00e9la utca 26\/B Ground floor 2.<br \/>PHONE: +36-20\/316-2431<br \/>E-MAIL: info@kts.hu<\/p>\n<p>SERVER LOCATION: 1132 Budapest, Victor Hug\u00f3 utca 18-22.<\/p>\n<p><strong>4.) If the user (consumer) resides in the European Union, they may use the following online dispute resolution platform of the European Commission in connection with complaints regarding the service:<\/strong><\/p>\n<p><strong>Online Dispute Resolution Platform of the European Commission<\/strong><br \/>Website: <a href=\"https:\/\/webgate.ec.europa.eu\/odr\" target=\"_blank\" rel=\"noopener\">https:\/\/webgate.ec.europa.eu\/odr<br \/><\/a><\/p>\n<p>This internet-based platform was established by the EU for consumers who wish to submit complaints regarding products or services purchased online and would like to request a neutral third party (dispute resolution body) to handle their complaint.<\/p>\n<p>Further information about the online dispute resolution platform, its use, and the dispute resolution procedure can be found on the above website.<\/p>\n<p><strong>Contact:<\/strong><\/p>\n<p>E-mail: office@virucaconsulting.com<\/p>\n<p>Phone: +41 (0) 512 9968<\/p>\n<\/div><\/div>\n<\/div>\n<\/div>\n<\/div>","protected":false},"excerpt":{"rendered":"","protected":false},"author":1,"featured_media":0,"parent":0,"menu_order":0,"comment_status":"closed","ping_status":"closed","template":"","meta":{"_acf_changed":false,"_themeisle_gutenberg_block_has_review":false,"footnotes":""},"class_list":["post-179","page","type-page","status-publish","hentry"],"acf":[],"_links":{"self":[{"href":"https:\/\/virucaconsulting.com\/en\/wp-json\/wp\/v2\/pages\/179","targetHints":{"allow":["GET"]}}],"collection":[{"href":"https:\/\/virucaconsulting.com\/en\/wp-json\/wp\/v2\/pages"}],"about":[{"href":"https:\/\/virucaconsulting.com\/en\/wp-json\/wp\/v2\/types\/page"}],"author":[{"embeddable":true,"href":"https:\/\/virucaconsulting.com\/en\/wp-json\/wp\/v2\/users\/1"}],"replies":[{"embeddable":true,"href":"https:\/\/virucaconsulting.com\/en\/wp-json\/wp\/v2\/comments?post=179"}],"version-history":[{"count":8,"href":"https:\/\/virucaconsulting.com\/en\/wp-json\/wp\/v2\/pages\/179\/revisions"}],"predecessor-version":[{"id":217,"href":"https:\/\/virucaconsulting.com\/en\/wp-json\/wp\/v2\/pages\/179\/revisions\/217"}],"wp:attachment":[{"href":"https:\/\/virucaconsulting.com\/en\/wp-json\/wp\/v2\/media?parent=179"}],"curies":[{"name":"wp","href":"https:\/\/api.w.org\/{rel}","templated":true}]}}